{"id":252,"date":"2026-03-17T17:32:40","date_gmt":"2026-03-17T17:32:40","guid":{"rendered":"https:\/\/ungenuinodespertar.com\/?post_type=product&#038;p=252"},"modified":"2026-04-07T14:43:55","modified_gmt":"2026-04-07T14:43:55","slug":"a-genuine-awakening-soft-cover-english","status":"publish","type":"product","link":"https:\/\/ungenuinodespertar.com\/en\/product\/a-genuine-awakening-soft-cover-english\/","title":{"rendered":"A Genuine Awakening - Soft Cover - English"},"content":{"rendered":"<p>Are you ready for your genuine spiritual awakening?<\/p>\n<p>Colombo-American writer Alexandra Castillo opens her heart in A Genuine Awakening, a moving account of healing, courage, and deep inner transformation.<\/p>\n<p>With a voice that blends warmth and honesty, this book walks beside those who are ready to release old patterns, reconnect with their truth, and rediscover the purpose that brings meaning to life. It is an invitation to live with awareness, embrace the present moment, and trust the power that already resides within you.<\/p>\n<p>Page after page, Alexandra gently guides you through a journey of spiritual rebirth\u2014one that inspires you to see challenges with new eyes, turn vulnerability into strength, and create space for the life you are meant to live.<\/p>\n<p>Perfect for those seeking:<\/p>\n<p><img decoding=\"async\" class=\"emoji\" role=\"img\" draggable=\"false\" src=\"https:\/\/s.w.org\/images\/core\/emoji\/17.0.2\/svg\/2728.svg\" alt=\"\u2728\" \/> A heartfelt spiritual awakening<br \/>\n<img decoding=\"async\" class=\"emoji\" role=\"img\" draggable=\"false\" src=\"https:\/\/s.w.org\/images\/core\/emoji\/17.0.2\/svg\/2728.svg\" alt=\"\u2728\" \/> Motivation in times of struggle<br \/>\n<img decoding=\"async\" class=\"emoji\" role=\"img\" draggable=\"false\" src=\"https:\/\/s.w.org\/images\/core\/emoji\/17.0.2\/svg\/2728.svg\" alt=\"\u2728\" \/> Stories of resilience, growth, and faith<\/p>\n<p>A Genuine Awakening does not offer final answers but rather lights the questions that transform. It is an outstretched hand, reminding you that your light has never left you\u2014it is simply waiting to be recognized.<\/p>","protected":false},"excerpt":{"rendered":"<p style=\"font-weight: 400;\">que sigue la evoluci\u00f3n personal y profesional de una madre soltera que sobrepas\u00f3 grandes retos para crear una vida mejor para su hija y para s\u00ed misma.<\/p>\n<p style=\"font-weight: 400;\"><em>A Genuine Awakening\u00a0<\/em>te ayudar\u00e1 en tu propio proceso de \u201c<em>renacer.\u201d<\/em>\u00a0Not only will it motivate and inspire you, but it will bring hope into your life to overcome many of the repetitive beliefs and patterns that you have surely carried for years.<\/p>","protected":false},"featured_media":404,"comment_status":"open","ping_status":"closed","template":"","meta":{"site-sidebar-layout":"default","site-content-layout":"","ast-site-content-layout":"default","site-content-style":"default","site-sidebar-style":"default","ast-global-header-display":"","ast-banner-title-visibility":"","ast-main-header-display":"","ast-hfb-above-header-display":"","ast-hfb-below-header-display":"","ast-hfb-mobile-header-display":"","site-post-title":"","ast-breadcrumbs-content":"","ast-featured-img":"","footer-sml-layout":"","ast-disable-related-posts":"","theme-transparent-header-meta":"default","adv-header-id-meta":"","stick-header-meta":"","header-above-stick-meta":"","header-main-stick-meta":"","header-below-stick-meta":"","astra-migrate-meta-layouts":"set","ast-page-background-enabled":"default","ast-page-background-meta":{"desktop":{"background-color":"var(--ast-global-color-5)","background-image":"","background-repeat":"repeat","background-position":"center center","background-size":"auto","background-attachment":"scroll","background-type":"","background-media":"","overlay-type":"","overlay-color":"","overlay-opacity":"","overlay-gradient":""},"tablet":{"background-color":"","background-image":"","background-repeat":"repeat","background-position":"center center","background-size":"auto","background-attachment":"scroll","background-type":"","background-media":"","overlay-type":"","overlay-color":"","overlay-opacity":"","overlay-gradient":""},"mobile":{"background-color":"","background-image":"","background-repeat":"repeat","background-position":"center center","background-size":"auto","background-attachment":"scroll","background-type":"","background-media":"","overlay-type":"","overlay-color":"","overlay-opacity":"","overlay-gradient":""}},"ast-content-background-meta":{"desktop":{"background-color":"var(--ast-global-color-4)","background-image":"","background-repeat":"repeat","background-position":"center center","background-size":"auto","background-attachment":"scroll","background-type":"","background-media":"","overlay-type":"","overlay-color":"","overlay-opacity":"","overlay-gradient":""},"tablet":{"background-color":"var(--ast-global-color-4)","background-image":"","background-repeat":"repeat","background-position":"center center","background-size":"auto","background-attachment":"scroll","background-type":"","background-media":"","overlay-type":"","overlay-color":"","overlay-opacity":"","overlay-gradient":""},"mobile":{"background-color":"var(--ast-global-color-4)","background-image":"","background-repeat":"repeat","background-position":"center center","background-size":"auto","background-attachment":"scroll","background-type":"","background-media":"","overlay-type":"","overlay-color":"","overlay-opacity":"","overlay-gradient":""}}},"product_brand":[],"product_cat":[20],"product_tag":[],"class_list":{"0":"post-252","1":"product","2":"type-product","3":"status-publish","4":"has-post-thumbnail","6":"product_cat-libros","7":"desktop-align-left","8":"tablet-align-left","9":"mobile-align-left","11":"first","12":"instock","13":"shipping-taxable","14":"product-type-external"},"yoast_head":"<!-- This site is optimized with the Yoast SEO plugin v27.5 - https:\/\/yoast.com\/product\/yoast-seo-wordpress\/ -->\n<title>A Genuine Awakening - Soft Cover - English - Un genuino despertar<\/title>\n<meta name=\"description\" content=\"Colombian-American author Alexandra Castillo opens her heart in *A Genuine Awakening*, a profound story of healing, courage, and inner transformation. Ideal for those who wish to: \u2728 Explore a spiritual awakening through personal experience \u2728 Find motivation amidst trials \u2728 Be inspired by stories of overcoming adversity and spirituality\" \/>\n<meta name=\"robots\" content=\"index, follow, max-snippet:-1, max-image-preview:large, max-video-preview:-1\" \/>\n<link rel=\"canonical\" href=\"https:\/\/ungenuinodespertar.com\/en\/product\/a-genuine-awakening-soft-cover-english\/\" \/>\n<meta property=\"og:locale\" content=\"en_US\" \/>\n<meta property=\"og:type\" content=\"article\" \/>\n<meta property=\"og:title\" content=\"A Genuine Awakening - Soft Cover - English - Un genuino despertar\" \/>\n<meta property=\"og:description\" content=\"Colombian-American author Alexandra Castillo opens her heart in *A Genuine Awakening*, a profound story of healing, courage, and inner transformation. Ideal for those who wish to: \u2728 Explore a spiritual awakening through personal experience \u2728 Find motivation amidst trials \u2728 Be inspired by stories of overcoming adversity and spirituality\" \/>\n<meta property=\"og:url\" content=\"https:\/\/ungenuinodespertar.com\/en\/product\/a-genuine-awakening-soft-cover-english\/\" \/>\n<meta property=\"og:site_name\" content=\"Un genuino despertar\" \/>\n<meta property=\"article:modified_time\" content=\"2026-04-07T14:43:55+00:00\" \/>\n<meta property=\"og:image\" content=\"https:\/\/ungenuinodespertar.com\/wp-content\/uploads\/2026\/03\/AGA-SC.jpg\" \/>\n\t<meta property=\"og:image:width\" content=\"1536\" \/>\n\t<meta property=\"og:image:height\" content=\"1536\" \/>\n\t<meta property=\"og:image:type\" content=\"image\/jpeg\" \/>\n<meta name=\"twitter:card\" content=\"summary_large_image\" \/>\n<meta name=\"twitter:label1\" content=\"Est. reading time\" \/>\n\t<meta name=\"twitter:data1\" content=\"2 minutes\" \/>\n<script type=\"application\/ld+json\" class=\"yoast-schema-graph\">{\"@context\":\"https:\\\/\\\/schema.org\",\"@graph\":[{\"@type\":\"WebPage\",\"@id\":\"https:\\\/\\\/ungenuinodespertar.com\\\/producto\\\/a-genuine-awakening-soft-cover-english\\\/\",\"url\":\"https:\\\/\\\/ungenuinodespertar.com\\\/producto\\\/a-genuine-awakening-soft-cover-english\\\/\",\"name\":\"A Genuine Awakening - Soft Cover - English - Un genuino despertar\",\"isPartOf\":{\"@id\":\"https:\\\/\\\/ungenuinodespertar.com\\\/#website\"},\"primaryImageOfPage\":{\"@id\":\"https:\\\/\\\/ungenuinodespertar.com\\\/producto\\\/a-genuine-awakening-soft-cover-english\\\/#primaryimage\"},\"image\":{\"@id\":\"https:\\\/\\\/ungenuinodespertar.com\\\/producto\\\/a-genuine-awakening-soft-cover-english\\\/#primaryimage\"},\"thumbnailUrl\":\"https:\\\/\\\/ungenuinodespertar.com\\\/wp-content\\\/uploads\\\/2026\\\/03\\\/AGA-SC.jpg\",\"datePublished\":\"2026-03-17T17:32:40+00:00\",\"dateModified\":\"2026-04-07T14:43:55+00:00\",\"description\":\"Colombian-American author Alexandra Castillo opens her heart in *A Genuine Awakening*, a profound story of healing, courage, and inner transformation. Ideal for those who wish to: \u2728 Explore a spiritual awakening through personal experience \u2728 Find motivation amidst trials \u2728 Be inspired by stories of overcoming adversity and spirituality\",\"breadcrumb\":{\"@id\":\"https:\\\/\\\/ungenuinodespertar.com\\\/producto\\\/a-genuine-awakening-soft-cover-english\\\/#breadcrumb\"},\"inLanguage\":\"en-US\",\"potentialAction\":[{\"@type\":\"ReadAction\",\"target\":[\"https:\\\/\\\/ungenuinodespertar.com\\\/producto\\\/a-genuine-awakening-soft-cover-english\\\/\"]}]},{\"@type\":\"ImageObject\",\"inLanguage\":\"en-US\",\"@id\":\"https:\\\/\\\/ungenuinodespertar.com\\\/producto\\\/a-genuine-awakening-soft-cover-english\\\/#primaryimage\",\"url\":\"https:\\\/\\\/ungenuinodespertar.com\\\/wp-content\\\/uploads\\\/2026\\\/03\\\/AGA-SC.jpg\",\"contentUrl\":\"https:\\\/\\\/ungenuinodespertar.com\\\/wp-content\\\/uploads\\\/2026\\\/03\\\/AGA-SC.jpg\",\"width\":1536,\"height\":1536},{\"@type\":\"BreadcrumbList\",\"@id\":\"https:\\\/\\\/ungenuinodespertar.com\\\/producto\\\/a-genuine-awakening-soft-cover-english\\\/#breadcrumb\",\"itemListElement\":[{\"@type\":\"ListItem\",\"position\":1,\"name\":\"Home\",\"item\":\"https:\\\/\\\/ungenuinodespertar.com\\\/\"},{\"@type\":\"ListItem\",\"position\":2,\"name\":\"Productos\",\"item\":\"https:\\\/\\\/ungenuinodespertar.com\\\/shop\\\/\"},{\"@type\":\"ListItem\",\"position\":3,\"name\":\"A Genuine Awakening &#8211; Soft Cover &#8211; English\"}]},{\"@type\":\"WebSite\",\"@id\":\"https:\\\/\\\/ungenuinodespertar.com\\\/#website\",\"url\":\"https:\\\/\\\/ungenuinodespertar.com\\\/\",\"name\":\"Un genuino despertar\",\"description\":\"Un Genuino Despertar nace con el proposito de compartir con el mundo el testimonio de lo que muchas mujeres como t\u00fa y como yo hemos atravesado para crear una vida mejor para nosotras y nuestra familia.\",\"publisher\":{\"@id\":\"https:\\\/\\\/ungenuinodespertar.com\\\/#organization\"},\"potentialAction\":[{\"@type\":\"SearchAction\",\"target\":{\"@type\":\"EntryPoint\",\"urlTemplate\":\"https:\\\/\\\/ungenuinodespertar.com\\\/?s={search_term_string}\"},\"query-input\":{\"@type\":\"PropertyValueSpecification\",\"valueRequired\":true,\"valueName\":\"search_term_string\"}}],\"inLanguage\":\"en-US\"},{\"@type\":\"Organization\",\"@id\":\"https:\\\/\\\/ungenuinodespertar.com\\\/#organization\",\"name\":\"Un genuino despertar\",\"url\":\"https:\\\/\\\/ungenuinodespertar.com\\\/\",\"logo\":{\"@type\":\"ImageObject\",\"inLanguage\":\"en-US\",\"@id\":\"https:\\\/\\\/ungenuinodespertar.com\\\/#\\\/schema\\\/logo\\\/image\\\/\",\"url\":\"https:\\\/\\\/ungenuinodespertar.com\\\/wp-content\\\/uploads\\\/2026\\\/03\\\/cropped-Logo-original.png\",\"contentUrl\":\"https:\\\/\\\/ungenuinodespertar.com\\\/wp-content\\\/uploads\\\/2026\\\/03\\\/cropped-Logo-original.png\",\"width\":305,\"height\":329,\"caption\":\"Un genuino despertar\"},\"image\":{\"@id\":\"https:\\\/\\\/ungenuinodespertar.com\\\/#\\\/schema\\\/logo\\\/image\\\/\"},\"sameAs\":[\"https:\\\/\\\/www.instagram.com\\\/ungenuinodespertar\\\/\"]}]}<\/script>\n<!-- \/ Yoast SEO plugin. -->","yoast_head_json":{"title":"A Genuine Awakening - Soft Cover - English - Un genuino despertar","description":"Colombian-American author Alexandra Castillo opens her heart in *A Genuine Awakening*, a profound story of healing, courage, and inner transformation. Ideal for those who wish to: \u2728 Explore a spiritual awakening through personal experience \u2728 Find motivation amidst trials \u2728 Be inspired by stories of overcoming adversity and spirituality","robots":{"index":"index","follow":"follow","max-snippet":"max-snippet:-1","max-image-preview":"max-image-preview:large","max-video-preview":"max-video-preview:-1"},"canonical":"https:\/\/ungenuinodespertar.com\/en\/product\/a-genuine-awakening-soft-cover-english\/","og_locale":"en_US","og_type":"article","og_title":"A Genuine Awakening - Soft Cover - English - Un genuino despertar","og_description":"Colombian-American author Alexandra Castillo opens her heart in *A Genuine Awakening*, a profound story of healing, courage, and inner transformation. Ideal for those who wish to: \u2728 Explore a spiritual awakening through personal experience \u2728 Find motivation amidst trials \u2728 Be inspired by stories of overcoming adversity and spirituality","og_url":"https:\/\/ungenuinodespertar.com\/en\/product\/a-genuine-awakening-soft-cover-english\/","og_site_name":"Un genuino despertar","article_modified_time":"2026-04-07T14:43:55+00:00","og_image":[{"width":1536,"height":1536,"url":"https:\/\/ungenuinodespertar.com\/wp-content\/uploads\/2026\/03\/AGA-SC.jpg","type":"image\/jpeg"}],"twitter_card":"summary_large_image","twitter_misc":{"Est. reading time":"2 minutes"},"schema":{"@context":"https:\/\/schema.org","@graph":[{"@type":"WebPage","@id":"https:\/\/ungenuinodespertar.com\/producto\/a-genuine-awakening-soft-cover-english\/","url":"https:\/\/ungenuinodespertar.com\/producto\/a-genuine-awakening-soft-cover-english\/","name":"A Genuine Awakening - Soft Cover - English - Un genuino despertar","isPartOf":{"@id":"https:\/\/ungenuinodespertar.com\/#website"},"primaryImageOfPage":{"@id":"https:\/\/ungenuinodespertar.com\/producto\/a-genuine-awakening-soft-cover-english\/#primaryimage"},"image":{"@id":"https:\/\/ungenuinodespertar.com\/producto\/a-genuine-awakening-soft-cover-english\/#primaryimage"},"thumbnailUrl":"https:\/\/ungenuinodespertar.com\/wp-content\/uploads\/2026\/03\/AGA-SC.jpg","datePublished":"2026-03-17T17:32:40+00:00","dateModified":"2026-04-07T14:43:55+00:00","description":"Colombian-American author Alexandra Castillo opens her heart in *A Genuine Awakening*, a profound story of healing, courage, and inner transformation. Ideal for those who wish to: \u2728 Explore a spiritual awakening through personal experience \u2728 Find motivation amidst trials \u2728 Be inspired by stories of overcoming adversity and spirituality","breadcrumb":{"@id":"https:\/\/ungenuinodespertar.com\/producto\/a-genuine-awakening-soft-cover-english\/#breadcrumb"},"inLanguage":"en-US","potentialAction":[{"@type":"ReadAction","target":["https:\/\/ungenuinodespertar.com\/producto\/a-genuine-awakening-soft-cover-english\/"]}]},{"@type":"ImageObject","inLanguage":"en-US","@id":"https:\/\/ungenuinodespertar.com\/producto\/a-genuine-awakening-soft-cover-english\/#primaryimage","url":"https:\/\/ungenuinodespertar.com\/wp-content\/uploads\/2026\/03\/AGA-SC.jpg","contentUrl":"https:\/\/ungenuinodespertar.com\/wp-content\/uploads\/2026\/03\/AGA-SC.jpg","width":1536,"height":1536},{"@type":"BreadcrumbList","@id":"https:\/\/ungenuinodespertar.com\/producto\/a-genuine-awakening-soft-cover-english\/#breadcrumb","itemListElement":[{"@type":"ListItem","position":1,"name":"Home","item":"https:\/\/ungenuinodespertar.com\/"},{"@type":"ListItem","position":2,"name":"Productos","item":"https:\/\/ungenuinodespertar.com\/shop\/"},{"@type":"ListItem","position":3,"name":"A Genuine Awakening &#8211; Soft Cover &#8211; English"}]},{"@type":"WebSite","@id":"https:\/\/ungenuinodespertar.com\/#website","url":"https:\/\/ungenuinodespertar.com\/","name":"Un genuino despertar","description":"A Genuine Awakening is born with the purpose of sharing with the world the testimony of what many women like you and me have gone through to create a better life for ourselves and our family.","publisher":{"@id":"https:\/\/ungenuinodespertar.com\/#organization"},"potentialAction":[{"@type":"SearchAction","target":{"@type":"EntryPoint","urlTemplate":"https:\/\/ungenuinodespertar.com\/?s={search_term_string}"},"query-input":{"@type":"PropertyValueSpecification","valueRequired":true,"valueName":"search_term_string"}}],"inLanguage":"en-US"},{"@type":"Organization","@id":"https:\/\/ungenuinodespertar.com\/#organization","name":"Un genuino despertar","url":"https:\/\/ungenuinodespertar.com\/","logo":{"@type":"ImageObject","inLanguage":"en-US","@id":"https:\/\/ungenuinodespertar.com\/#\/schema\/logo\/image\/","url":"https:\/\/ungenuinodespertar.com\/wp-content\/uploads\/2026\/03\/cropped-Logo-original.png","contentUrl":"https:\/\/ungenuinodespertar.com\/wp-content\/uploads\/2026\/03\/cropped-Logo-original.png","width":305,"height":329,"caption":"Un genuino despertar"},"image":{"@id":"https:\/\/ungenuinodespertar.com\/#\/schema\/logo\/image\/"},"sameAs":["https:\/\/www.instagram.com\/ungenuinodespertar\/"]}]}},"_links":{"self":[{"href":"https:\/\/ungenuinodespertar.com\/en\/wp-json\/wp\/v2\/product\/252","targetHints":{"allow":["GET"]}}],"collection":[{"href":"https:\/\/ungenuinodespertar.com\/en\/wp-json\/wp\/v2\/product"}],"about":[{"href":"https:\/\/ungenuinodespertar.com\/en\/wp-json\/wp\/v2\/types\/product"}],"replies":[{"embeddable":true,"href":"https:\/\/ungenuinodespertar.com\/en\/wp-json\/wp\/v2\/comments?post=252"}],"wp:featuredmedia":[{"embeddable":true,"href":"https:\/\/ungenuinodespertar.com\/en\/wp-json\/wp\/v2\/media\/404"}],"wp:attachment":[{"href":"https:\/\/ungenuinodespertar.com\/en\/wp-json\/wp\/v2\/media?parent=252"}],"wp:term":[{"taxonomy":"product_brand","embeddable":true,"href":"https:\/\/ungenuinodespertar.com\/en\/wp-json\/wp\/v2\/product_brand?post=252"},{"taxonomy":"product_cat","embeddable":true,"href":"https:\/\/ungenuinodespertar.com\/en\/wp-json\/wp\/v2\/product_cat?post=252"},{"taxonomy":"product_tag","embeddable":true,"href":"https:\/\/ungenuinodespertar.com\/en\/wp-json\/wp\/v2\/product_tag?post=252"}],"curies":[{"name":"wp","href":"https:\/\/api.w.org\/{rel}","templated":true}]}}